{"id":252947,"date":"2023-09-21T15:41:02","date_gmt":"2023-09-21T13:41:02","guid":{"rendered":"https:\/\/www.v-valley.com\/?page_id=252947"},"modified":"2023-09-21T16:30:10","modified_gmt":"2023-09-21T14:30:10","slug":"ftdi","status":"publish","type":"page","link":"https:\/\/www.v-valley.com\/es\/vendor\/ftdi\/","title":{"rendered":"FTDI"},"content":{"rendered":"\r\n\r\n\t\t\t\t<img loading=\"lazy\" decoding=\"async\" src=\"https:\/\/statics.v-valley.com\/prod\/2023\/09\/logo-ftdi.gif\" alt=\"logo-ftdi\" itemprop=\"image\" height=\"55\" width=\"140\" title=\"logo-ftdi\" onerror=\"this.style.display='none'\"  \/>\r\n<h2>\r\n\t\t\u00bfQUI\u00c9N ES FTDI?\r\n\t<\/h2>\r\n\t<p>Future Technology Devices International (FTDI), es una empresa privada escocesa de dispositivos semiconductores, especializada en tecnolog\u00eda Universal Serial Bus (USB).<\/p>\r\n<p>Desarrolla, fabrica, y da apoyo a dispositivos y sus correspondientes controladores de software (drivers) para la conversi\u00f3n de transmisiones serie RS-232 o TTL a se\u00f1ales USB, con el fin de permitir la compatibilidad de dispositivos heredados con los ordenadores modernos.<\/p>\r\n<p>FTDI ofrece servicios de dise\u00f1o de circuitos integrados de aplicaci\u00f3n espec\u00edfica (ASIC). Tambi\u00e9n ofrece servicios de consultor\u00eda para el dise\u00f1o de productos, espec\u00edficamente en el \u00e1mbito de los dispositivos electr\u00f3nicos.<\/p>\r\n<h2>\r\n\t\tLOS PRODUCTOS DE FTDI\r\n\t<\/h2>\r\n\t&#8211; M\u00f3dulos de desarrollo: para permitir un acceso f\u00e1cil a la placa, a los interfaces del conectividad o a las funcionalidad del sistema<br \/>\r\n&#8211; Cables: una gama que proporcionan interfaces de nivel TTL, RS232, RS422 o RS485. Pueden utilizarse con fines de desarrollo o como accesorios para conectar a trav\u00e9s de USB otros productos<br \/>\r\n&#8211; Circuitos integrados USB\r\n\t<p>M2M\/IoT <\/p>\r\n\t<p>Networking<\/p>\r\n\r\n","protected":false},"excerpt":{"rendered":"<p>\u00bfQUI\u00c9N ES FTDI? Future Technology Devices International (FTDI), es una empresa privada escocesa de dispositivos semiconductores, especializada en tecnolog\u00eda Universal Serial Bus (USB). Desarrolla, fabrica, y da apoyo a dispositivos y sus correspondientes controladores de software (drivers) para la conversi\u00f3n de transmisiones serie RS-232 o TTL a se\u00f1ales USB, con el fin de permitir la [&hellip;]<\/p>\n","protected":false},"author":6,"featured_media":0,"parent":79554,"menu_order":0,"comment_status":"closed","ping_status":"closed","template":"templates\/template-vendor-category.php","meta":{"_acf_changed":false,"_genesis_hide_title":false,"_genesis_hide_breadcrumbs":false,"_genesis_hide_singular_image":false,"_genesis_hide_footer_widgets":false,"_genesis_custom_body_class":"","_genesis_custom_post_class":"","_genesis_layout":"","footnotes":""},"class_list":{"0":"post-252947","1":"page","2":"type-page","3":"status-publish","5":"entry"},"acf":[],"_links":{"self":[{"href":"https:\/\/www.v-valley.com\/es\/wp-json\/wp\/v2\/pages\/252947","targetHints":{"allow":["GET"]}}],"collection":[{"href":"https:\/\/www.v-valley.com\/es\/wp-json\/wp\/v2\/pages"}],"about":[{"href":"https:\/\/www.v-valley.com\/es\/wp-json\/wp\/v2\/types\/page"}],"author":[{"embeddable":true,"href":"https:\/\/www.v-valley.com\/es\/wp-json\/wp\/v2\/users\/6"}],"replies":[{"embeddable":true,"href":"https:\/\/www.v-valley.com\/es\/wp-json\/wp\/v2\/comments?post=252947"}],"version-history":[{"count":0,"href":"https:\/\/www.v-valley.com\/es\/wp-json\/wp\/v2\/pages\/252947\/revisions"}],"up":[{"embeddable":true,"href":"https:\/\/www.v-valley.com\/es\/wp-json\/wp\/v2\/pages\/79554"}],"wp:attachment":[{"href":"https:\/\/www.v-valley.com\/es\/wp-json\/wp\/v2\/media?parent=252947"}],"curies":[{"name":"wp","href":"https:\/\/api.w.org\/{rel}","templated":true}]}}