{"id":252931,"date":"2023-09-21T15:39:34","date_gmt":"2023-09-21T13:39:34","guid":{"rendered":"https:\/\/www.v-valley.com\/?page_id=252931"},"modified":"2025-08-06T12:07:50","modified_gmt":"2025-08-06T10:07:50","slug":"bartec","status":"publish","type":"page","link":"https:\/\/www.v-valley.com\/es\/vendor\/bartec\/","title":{"rendered":"BARTEC"},"content":{"rendered":"\r\n<p><img loading=\"lazy\" decoding=\"async\" title=\"logo-bartec\" src=\"https:\/\/statics.v-valley.com\/prod\/2023\/09\/logo-bartec.gif\" alt=\"logo-bartec\" width=\"140\" height=\"55\" \/><\/p>\r\n<h2>\u00bfQUI\u00c9N ES BARTEC?<\/h2>\r\n<p>BARTEC fabrica y comercializa un amplio programa de componentes y sistemas el\u00e9ctricos para zonas clasificadas, desde el peque\u00f1o microruptor hasta los grandes paneles de control y ordenadores, sistemas llave en mano de traceado el\u00e9ctrico y detecci\u00f3n de fugas de l\u00edquidos.<\/p>\r\n<p>Todos los materiales producidos o suministrados por BARTEC llevan intr\u00ednsecamente el sello de calidad, avalados por los certificados ISO 9000 y ATEX. Todos los productos para zonas clasificadas est\u00e1n amparados por certificados emitidos por laboratorios oficiales como PTB, INIEX, CESI, BASEEFA, LCIE o LOM.<\/p>\r\n<p>Las soluciones de componentes y sistemas desarrolladas por BARTEC evitan las explosiones y garantizan la seguridad de las personas y del medio ambiente.<\/p>\r\n<h2>LOS PRODUCTOS DE BARTEC<\/h2>\r\n<p>El campo de actividad de BARTEC se desglosa en tres grandes divisiones:<\/p>\r\n<p>&#8211; Material de instalaci\u00f3n, para zonas clasificadas: Abarca desde el peque\u00f1o microinterruptor instalado en un surtidor de gasolina, hasta grandes proyectos de 1000 watios.<br \/>&#8211; Sistemas de traceado el\u00e9ctrico y detecci\u00f3n de fugas, para zonas clasificadas o sin clasificar: En este apartado BARTEC puede efectuar desde un simple suministro hasta un proyecto completo \u00abllave en mano\u00bb, incluyendo la ingenier\u00eda, documentaci\u00f3n, suministro de materiales, instalaci\u00f3n y pruebas.<br \/>&#8211; Paneles el\u00e9ctricos: BARTEC es especialista en montaje de paneles el\u00e9ctricos de baja tensi\u00f3n para zonas clasificadas, conocedor en profundidad de las normas europeas y del reglamento de baja tensi\u00f3n espa\u00f1ol a aplicar.<\/p>\r\n<p>Lectores de c\u00f3digos de barras<\/p>\r\n<p>Terminales y pda<\/p>\r\n<p>Accesorios para lectores de c\u00f3digos de barras<\/p>\r\n","protected":false},"excerpt":{"rendered":"<p>\u00bfQUI\u00c9N ES BARTEC? BARTEC fabrica y comercializa un amplio programa de componentes y sistemas el\u00e9ctricos para zonas clasificadas, desde el peque\u00f1o microruptor hasta los grandes paneles de control y ordenadores, sistemas llave en mano de traceado el\u00e9ctrico y detecci\u00f3n de fugas de l\u00edquidos. Todos los materiales producidos o suministrados por BARTEC llevan intr\u00ednsecamente el sello [&hellip;]<\/p>\n","protected":false},"author":6,"featured_media":0,"parent":79554,"menu_order":0,"comment_status":"closed","ping_status":"closed","template":"templates\/template-vendor-category.php","meta":{"_acf_changed":false,"_genesis_hide_title":false,"_genesis_hide_breadcrumbs":false,"_genesis_hide_singular_image":false,"_genesis_hide_footer_widgets":false,"_genesis_custom_body_class":"","_genesis_custom_post_class":"","_genesis_layout":"","footnotes":""},"class_list":{"0":"post-252931","1":"page","2":"type-page","3":"status-publish","5":"entry"},"acf":[],"_links":{"self":[{"href":"https:\/\/www.v-valley.com\/es\/wp-json\/wp\/v2\/pages\/252931","targetHints":{"allow":["GET"]}}],"collection":[{"href":"https:\/\/www.v-valley.com\/es\/wp-json\/wp\/v2\/pages"}],"about":[{"href":"https:\/\/www.v-valley.com\/es\/wp-json\/wp\/v2\/types\/page"}],"author":[{"embeddable":true,"href":"https:\/\/www.v-valley.com\/es\/wp-json\/wp\/v2\/users\/6"}],"replies":[{"embeddable":true,"href":"https:\/\/www.v-valley.com\/es\/wp-json\/wp\/v2\/comments?post=252931"}],"version-history":[{"count":2,"href":"https:\/\/www.v-valley.com\/es\/wp-json\/wp\/v2\/pages\/252931\/revisions"}],"predecessor-version":[{"id":584053,"href":"https:\/\/www.v-valley.com\/es\/wp-json\/wp\/v2\/pages\/252931\/revisions\/584053"}],"up":[{"embeddable":true,"href":"https:\/\/www.v-valley.com\/es\/wp-json\/wp\/v2\/pages\/79554"}],"wp:attachment":[{"href":"https:\/\/www.v-valley.com\/es\/wp-json\/wp\/v2\/media?parent=252931"}],"curies":[{"name":"wp","href":"https:\/\/api.w.org\/{rel}","templated":true}]}}