{"id":252882,"date":"2023-09-21T15:50:11","date_gmt":"2023-09-21T13:50:11","guid":{"rendered":"https:\/\/www.v-valley.com\/?page_id=252882"},"modified":"2023-09-21T16:33:22","modified_gmt":"2023-09-21T14:33:22","slug":"tp-link","status":"publish","type":"page","link":"https:\/\/www.v-valley.com\/es\/vendor\/tp-link\/","title":{"rendered":"TP-Link"},"content":{"rendered":"\r\n\r\n\t\t\t\t<img loading=\"lazy\" decoding=\"async\" src=\"https:\/\/statics.v-valley.com\/prod\/2023\/09\/logo-tp-link.gif\" alt=\"logo-tp-link\" itemprop=\"image\" height=\"55\" width=\"140\" title=\"logo-tp-link\" onerror=\"this.style.display='none'\"  \/>\r\n<h2>\r\n\t\t\u00bfQUI\u00c9N ES TP-Link?\r\n\t<\/h2>\r\n\t<p>Fundada en 1996, TP-Link es un proveedor global de dispositivos y accesorios de redes fiables, involucrados en todos los aspectos de la vida cotidiana. La firma analista IDC clasifica a la compa\u00f1\u00eda de manera sistem\u00e1tica como el proveedor n\u00famero 1 de dispositivos Wi-Fi, seg\u00fan un informe de WLAN de IDC del 2018, suministrando dispositivos a m\u00e1s de 170 pa\u00edses y brindando servicios a miles de millones de personas en todo el mundo.<\/p>\r\n<p>TP-Link ha generado una cartera de productos que satisfacen las necesidades de redes de todos los usuarios y de industrias.<\/p>\r\n<h2>\r\n\t\tLOS PRODUCTOS DE TP-Link\r\n\t<\/h2>\r\n\tProductos TP-Link para el Hogar:<br \/>\r\n&#8211; Wi-Fi para toda la Casa<br \/>\r\n&#8211; Routers<br \/>\r\n-Modems\/ Gateways<br \/>\r\n&#8211; Extensi\u00f3n de Red<br \/>\r\n&#8211; SOHO Switches<br \/>\r\n&#8211; Wi-Fi M\u00f3vil<br \/>\r\n&#8211; Adaptadores\r\nProductos TP-Link para el Hogar Inteligente:<br \/>\r\n&#8211; Enchufes inteligentes<br \/>\r\n&#8211; C\u00e1maras de seguridad<br \/>\r\n&#8211; Bombillas inteligentes<br \/>\r\n&#8211; Extensor de cobertura\r\nProductos TP-Link SOHO:<br \/>\r\n&#8211; Switches<br \/>\r\n&#8211; Omada Cloud SDN<br \/>\r\n&#8211; Banda ancha inal\u00e1mbrica Pharos<br \/>\r\n&#8211; Routers SafeStream\r\nProductos TP-Link para Empresa SMB:<br \/>\r\n&#8211; Switches para vigilancia<br \/>\r\n&#8211; Switches para WiFi corporativo<br \/>\r\n&#8211; Ambiente de alta densidad<br \/>\r\n&#8211; WiFi de exterior<br \/>\r\n&#8211; Red inal\u00e1mbrica para ascensores<br \/>\r\n&#8211; WiFi Marketing<br \/>\r\n&#8211; Switches para VoIP\r\n\t<p>Adaptadores de red<\/p>\r\n\t<p>Router<\/p>\r\n\t<p>Switch<\/p>\r\n\t<p>Wireless Lan<\/p>\r\n\t<p>Iluminacion led<\/p>\r\n\r\n","protected":false},"excerpt":{"rendered":"<p>\u00bfQUI\u00c9N ES TP-Link? Fundada en 1996, TP-Link es un proveedor global de dispositivos y accesorios de redes fiables, involucrados en todos los aspectos de la vida cotidiana. La firma analista IDC clasifica a la compa\u00f1\u00eda de manera sistem\u00e1tica como el proveedor n\u00famero 1 de dispositivos Wi-Fi, seg\u00fan un informe de WLAN de IDC del 2018, [&hellip;]<\/p>\n","protected":false},"author":6,"featured_media":0,"parent":79554,"menu_order":0,"comment_status":"closed","ping_status":"closed","template":"templates\/template-vendor-category.php","meta":{"_acf_changed":false,"_genesis_hide_title":false,"_genesis_hide_breadcrumbs":false,"_genesis_hide_singular_image":false,"_genesis_hide_footer_widgets":false,"_genesis_custom_body_class":"","_genesis_custom_post_class":"","_genesis_layout":"","footnotes":""},"class_list":{"0":"post-252882","1":"page","2":"type-page","3":"status-publish","5":"entry"},"acf":[],"_links":{"self":[{"href":"https:\/\/www.v-valley.com\/es\/wp-json\/wp\/v2\/pages\/252882","targetHints":{"allow":["GET"]}}],"collection":[{"href":"https:\/\/www.v-valley.com\/es\/wp-json\/wp\/v2\/pages"}],"about":[{"href":"https:\/\/www.v-valley.com\/es\/wp-json\/wp\/v2\/types\/page"}],"author":[{"embeddable":true,"href":"https:\/\/www.v-valley.com\/es\/wp-json\/wp\/v2\/users\/6"}],"replies":[{"embeddable":true,"href":"https:\/\/www.v-valley.com\/es\/wp-json\/wp\/v2\/comments?post=252882"}],"version-history":[{"count":0,"href":"https:\/\/www.v-valley.com\/es\/wp-json\/wp\/v2\/pages\/252882\/revisions"}],"up":[{"embeddable":true,"href":"https:\/\/www.v-valley.com\/es\/wp-json\/wp\/v2\/pages\/79554"}],"wp:attachment":[{"href":"https:\/\/www.v-valley.com\/es\/wp-json\/wp\/v2\/media?parent=252882"}],"curies":[{"name":"wp","href":"https:\/\/api.w.org\/{rel}","templated":true}]}}