{"id":252863,"date":"2023-09-21T15:49:22","date_gmt":"2023-09-21T13:49:22","guid":{"rendered":"https:\/\/www.v-valley.com\/?page_id=252863"},"modified":"2023-09-21T16:33:33","modified_gmt":"2023-09-21T14:33:33","slug":"xm-cyber","status":"publish","type":"page","link":"https:\/\/www.v-valley.com\/es\/vendor\/xm-cyber\/","title":{"rendered":"XM Cyber"},"content":{"rendered":"\r\n\r\n\t\t\t\t<img loading=\"lazy\" decoding=\"async\" src=\"https:\/\/statics.v-valley.com\/prod\/2023\/09\/logo-xm-cyber.gif\" alt=\"logo-xm-cyber\" itemprop=\"image\" height=\"55\" width=\"140\" title=\"logo-xm-cyber\" onerror=\"this.style.display='none'\"  \/>\r\n<h2>\r\n\t\t\u00bfQUI\u00c9N ES XM Cyber?\r\n\t<\/h2>\r\n\t<p>Empresa de ciberseguridad con sede en Israel especializada en la protecci\u00f3n de sistemas y redes empresariales contra ataques cibern\u00e9tico, mediante soluciones de seguridad cibern\u00e9tica avanzadas y automatizadas que utilizan tecnolog\u00edas de vanguardia como inteligencia artificial, aprendizaje autom\u00e1tico y simulaci\u00f3n de ataques.<\/p>\r\n<h2>\r\n\t\tLOS PRODUCTOS DE XM Cyber\r\n\t<\/h2>\r\n\tXM Cyber proporciona soluciones de pruebas y simulaciones de seguridad de extremo a extremo para organizaciones.<br \/>\r\nSu plataforma de simulaci\u00f3n de ciberataques, llamada HaXM, es una herramienta de evaluaci\u00f3n de riesgos que utiliza t\u00e9cnicas de inteligencia artificial y automatizaci\u00f3n para imitar los ataques cibern\u00e9ticos reales y ayudar a las organizaciones a identificar y remediar las vulnerabilidades de seguridad en su infraestructura.\r\n\t<p>Ciberseguridad<\/p>\r\n\t<p>Inteligencia artificial<\/p>\r\n\t<p>Aprendizaje autom\u00e1tico<\/p>\r\n\t<p>Simulaci\u00f3n de ataques<\/p>\r\n\t<p>Remediaci\u00f3n de vulnerabilidades<\/p>\r\n\t<p>Defensas proactivas<\/p>\r\n\r\n","protected":false},"excerpt":{"rendered":"<p>\u00bfQUI\u00c9N ES XM Cyber? Empresa de ciberseguridad con sede en Israel especializada en la protecci\u00f3n de sistemas y redes empresariales contra ataques cibern\u00e9tico, mediante soluciones de seguridad cibern\u00e9tica avanzadas y automatizadas que utilizan tecnolog\u00edas de vanguardia como inteligencia artificial, aprendizaje autom\u00e1tico y simulaci\u00f3n de ataques. LOS PRODUCTOS DE XM Cyber XM Cyber proporciona soluciones de [&hellip;]<\/p>\n","protected":false},"author":6,"featured_media":0,"parent":79554,"menu_order":0,"comment_status":"closed","ping_status":"closed","template":"templates\/template-vendor-category.php","meta":{"_acf_changed":false,"_genesis_hide_title":false,"_genesis_hide_breadcrumbs":false,"_genesis_hide_singular_image":false,"_genesis_hide_footer_widgets":false,"_genesis_custom_body_class":"","_genesis_custom_post_class":"","_genesis_layout":"","footnotes":""},"class_list":{"0":"post-252863","1":"page","2":"type-page","3":"status-publish","5":"entry"},"acf":[],"_links":{"self":[{"href":"https:\/\/www.v-valley.com\/es\/wp-json\/wp\/v2\/pages\/252863","targetHints":{"allow":["GET"]}}],"collection":[{"href":"https:\/\/www.v-valley.com\/es\/wp-json\/wp\/v2\/pages"}],"about":[{"href":"https:\/\/www.v-valley.com\/es\/wp-json\/wp\/v2\/types\/page"}],"author":[{"embeddable":true,"href":"https:\/\/www.v-valley.com\/es\/wp-json\/wp\/v2\/users\/6"}],"replies":[{"embeddable":true,"href":"https:\/\/www.v-valley.com\/es\/wp-json\/wp\/v2\/comments?post=252863"}],"version-history":[{"count":0,"href":"https:\/\/www.v-valley.com\/es\/wp-json\/wp\/v2\/pages\/252863\/revisions"}],"up":[{"embeddable":true,"href":"https:\/\/www.v-valley.com\/es\/wp-json\/wp\/v2\/pages\/79554"}],"wp:attachment":[{"href":"https:\/\/www.v-valley.com\/es\/wp-json\/wp\/v2\/media?parent=252863"}],"curies":[{"name":"wp","href":"https:\/\/api.w.org\/{rel}","templated":true}]}}