{"id":252855,"date":"2023-09-21T15:41:47","date_gmt":"2023-09-21T13:41:47","guid":{"rendered":"https:\/\/www.v-valley.com\/?page_id=252855"},"modified":"2023-09-21T16:30:19","modified_gmt":"2023-09-21T14:30:19","slug":"honeywell","status":"publish","type":"page","link":"https:\/\/www.v-valley.com\/es\/vendor\/honeywell\/","title":{"rendered":"Honeywell"},"content":{"rendered":"\r\n\r\n\t\t\t\t<img loading=\"lazy\" decoding=\"async\" src=\"https:\/\/statics.v-valley.com\/prod\/2023\/09\/logo-honeywell.gif\" alt=\"logo-honeywell\" itemprop=\"image\" height=\"55\" width=\"140\" title=\"logo-honeywell\" onerror=\"this.style.display='none'\"  \/>\r\n<h2>\r\n\t\t\u00bfQUI\u00c9N ES HONEYWELL?\r\n\t<\/h2>\r\n\t<p>Los clientes conf\u00edan en las soluciones interconectadas de Honeywell para proporcionar inteligencia de seguridad en tiempo real, aumentar la productividad de los trabajadores y enriquecer la inteligencia operativa con perspectivas generadas gracias a los datos disponibles.<\/p>\r\n<p>Honeywell ayuda a clientes en los sectores aeroespacial, de la automoci\u00f3n, edificios comerciales, servicios de emergencia, servicios de campo, sanitario, log\u00edstica, industrial, gas y petrolero, energ\u00eda y servicios p\u00fablicos, m\u00e9dico, minorista, cadena de suministro, pruebas y mediciones, y transporte.<\/p>\r\n<h2>\r\n\t\tLOS PRODUCTOS DE HONEYWELL\r\n\t<\/h2>\r\n\t&#8211; Dispositivos Mobile Computers: dise\u00f1ados para entornos sanitarios, cadenas de distribuci\u00f3n, entornos peligrosos, almacenamiento en fr\u00edo y m\u00e1s<br \/>\r\n&#8211; Esc\u00e1neres de c\u00f3digos de barras<br \/>\r\n&#8211; Impresoras de etiquetas, tickets y c\u00f3digos de barras para cualquier entorno o aplicaci\u00f3n: industrial, escritorio, RFID. Suministros de impresora<br \/>\r\n&#8211; Consumibles para impresoras de transferencia t\u00e9rmica y t\u00e9rmica directa<br \/>\r\n&#8211; Soluciones RFID: Seguimiento y gesti\u00f3n de inventario, activos y procesos\r\n<p>Desde lectores port\u00e1tiles ligeros para entornos de retail hasta unidades rugerizadas para entornos de log\u00edstica y fabricaci\u00f3n. Ofrecemos una l\u00ednea completa de soluciones RFID que incluyen lectores port\u00e1tiles y fijos, e impresoras de etiquetas. Integra estos productos con computadoras m\u00f3viles, lectores de c\u00f3digos de barras, software y servicios de Honeywell para crear soluciones completas.<\/p>\r\n\t<p>Wireless Lan<\/p>\r\n\t<p>Lectores de c\u00f3digos de barras<\/p>\r\n\t<p>Accesorios terminales y pda<\/p>\r\n\t<p>Accesorios para lectores de c\u00f3Digos de barras<\/p>\r\n\r\n","protected":false},"excerpt":{"rendered":"<p>\u00bfQUI\u00c9N ES HONEYWELL? Los clientes conf\u00edan en las soluciones interconectadas de Honeywell para proporcionar inteligencia de seguridad en tiempo real, aumentar la productividad de los trabajadores y enriquecer la inteligencia operativa con perspectivas generadas gracias a los datos disponibles. Honeywell ayuda a clientes en los sectores aeroespacial, de la automoci\u00f3n, edificios comerciales, servicios de emergencia, [&hellip;]<\/p>\n","protected":false},"author":6,"featured_media":0,"parent":79554,"menu_order":0,"comment_status":"closed","ping_status":"closed","template":"templates\/template-vendor-category.php","meta":{"_acf_changed":false,"_genesis_hide_title":false,"_genesis_hide_breadcrumbs":false,"_genesis_hide_singular_image":false,"_genesis_hide_footer_widgets":false,"_genesis_custom_body_class":"","_genesis_custom_post_class":"","_genesis_layout":"","footnotes":""},"class_list":{"0":"post-252855","1":"page","2":"type-page","3":"status-publish","5":"entry"},"acf":[],"_links":{"self":[{"href":"https:\/\/www.v-valley.com\/es\/wp-json\/wp\/v2\/pages\/252855","targetHints":{"allow":["GET"]}}],"collection":[{"href":"https:\/\/www.v-valley.com\/es\/wp-json\/wp\/v2\/pages"}],"about":[{"href":"https:\/\/www.v-valley.com\/es\/wp-json\/wp\/v2\/types\/page"}],"author":[{"embeddable":true,"href":"https:\/\/www.v-valley.com\/es\/wp-json\/wp\/v2\/users\/6"}],"replies":[{"embeddable":true,"href":"https:\/\/www.v-valley.com\/es\/wp-json\/wp\/v2\/comments?post=252855"}],"version-history":[{"count":0,"href":"https:\/\/www.v-valley.com\/es\/wp-json\/wp\/v2\/pages\/252855\/revisions"}],"up":[{"embeddable":true,"href":"https:\/\/www.v-valley.com\/es\/wp-json\/wp\/v2\/pages\/79554"}],"wp:attachment":[{"href":"https:\/\/www.v-valley.com\/es\/wp-json\/wp\/v2\/media?parent=252855"}],"curies":[{"name":"wp","href":"https:\/\/api.w.org\/{rel}","templated":true}]}}