{"id":252847,"date":"2023-09-21T15:48:45","date_gmt":"2023-09-21T13:48:45","guid":{"rendered":"https:\/\/www.v-valley.com\/?page_id=252847"},"modified":"2023-09-21T16:33:25","modified_gmt":"2023-09-21T14:33:25","slug":"vu-security","status":"publish","type":"page","link":"https:\/\/www.v-valley.com\/es\/vendor\/vu-security\/","title":{"rendered":"VU Security"},"content":{"rendered":"\r\n\r\n\t\t\t\t<img loading=\"lazy\" decoding=\"async\" src=\"https:\/\/statics.v-valley.com\/prod\/2023\/09\/logo-vu-security.gif\" alt=\"logo-vu-security\" itemprop=\"image\" height=\"55\" width=\"140\" title=\"logo-vu-security\" onerror=\"this.style.display='none'\"  \/>\r\n<h2>\r\n\t\t\u00bfQUI\u00c9N ES VU Security?\r\n\t<\/h2>\r\n\tVU Security es una empresa de ciberseguridad con sede en Argentina, fundada en 2009 especializada en soluciones de detecci\u00f3n y prevenci\u00f3n de fraude en l\u00ednea para empresas y organizaciones de todo el mundo.<br \/>\r\nLa empresa se enfoca en detectar y prevenir el fraude en la autenticaci\u00f3n de usuarios, transacciones y aplicaciones.\r\n<h2>\r\n\t\tLOS PRODUCTOS DE VU Security\r\n\t<\/h2>\r\n\t&#8211; VU Security Digital Fraud Prevention: detecta y previene el fraude en l\u00ednea y en tiempo real. Proporciona una capa adicional de seguridad a las aplicaciones, transacciones y sistemas de autenticaci\u00f3n.<br \/>\r\n&#8211; VU Security Risk Analytics: Utiliza t\u00e9cnicas avanzadas de an\u00e1lisis de riesgos para proporcionar una evaluaci\u00f3n completa de la postura de seguridad de una empresa, identificar brechas de seguridad y ayudar a priorizar la mitigaci\u00f3n de riesgos.<br \/>\r\n&#8211; VU Security Identity Fraud: Utiliza t\u00e9cnicas de an\u00e1lisis de comportamiento y detecci\u00f3n de anomal\u00edas para identificar patrones sospechosos de actividad en las cuentas de usuario y sistemas de autenticaci\u00f3n.\r\n\t<p>Prevenci\u00f3n De Fraude<\/p>\r\n\t<p>Inteligencia Artificial<\/p>\r\n\t<p>Detecci\u00f3n de Anomal\u00edas<\/p>\r\n\t<p>Fraude De Identidad<\/p>\r\n\t<p>Autenticaci\u00f3n De Usuarios<\/p>\r\n\t<p>Transacciones Seguras<\/p>\r\n\r\n","protected":false},"excerpt":{"rendered":"<p>\u00bfQUI\u00c9N ES VU Security? VU Security es una empresa de ciberseguridad con sede en Argentina, fundada en 2009 especializada en soluciones de detecci\u00f3n y prevenci\u00f3n de fraude en l\u00ednea para empresas y organizaciones de todo el mundo. La empresa se enfoca en detectar y prevenir el fraude en la autenticaci\u00f3n de usuarios, transacciones y aplicaciones. [&hellip;]<\/p>\n","protected":false},"author":6,"featured_media":0,"parent":79554,"menu_order":0,"comment_status":"closed","ping_status":"closed","template":"templates\/template-vendor-category.php","meta":{"_acf_changed":false,"_genesis_hide_title":false,"_genesis_hide_breadcrumbs":false,"_genesis_hide_singular_image":false,"_genesis_hide_footer_widgets":false,"_genesis_custom_body_class":"","_genesis_custom_post_class":"","_genesis_layout":"","footnotes":""},"class_list":{"0":"post-252847","1":"page","2":"type-page","3":"status-publish","5":"entry"},"acf":[],"_links":{"self":[{"href":"https:\/\/www.v-valley.com\/es\/wp-json\/wp\/v2\/pages\/252847","targetHints":{"allow":["GET"]}}],"collection":[{"href":"https:\/\/www.v-valley.com\/es\/wp-json\/wp\/v2\/pages"}],"about":[{"href":"https:\/\/www.v-valley.com\/es\/wp-json\/wp\/v2\/types\/page"}],"author":[{"embeddable":true,"href":"https:\/\/www.v-valley.com\/es\/wp-json\/wp\/v2\/users\/6"}],"replies":[{"embeddable":true,"href":"https:\/\/www.v-valley.com\/es\/wp-json\/wp\/v2\/comments?post=252847"}],"version-history":[{"count":0,"href":"https:\/\/www.v-valley.com\/es\/wp-json\/wp\/v2\/pages\/252847\/revisions"}],"up":[{"embeddable":true,"href":"https:\/\/www.v-valley.com\/es\/wp-json\/wp\/v2\/pages\/79554"}],"wp:attachment":[{"href":"https:\/\/www.v-valley.com\/es\/wp-json\/wp\/v2\/media?parent=252847"}],"curies":[{"name":"wp","href":"https:\/\/api.w.org\/{rel}","templated":true}]}}