{"id":252742,"date":"2023-09-21T15:43:06","date_gmt":"2023-09-21T13:43:06","guid":{"rendered":"https:\/\/www.v-valley.com\/?page_id=252742"},"modified":"2023-09-21T16:31:21","modified_gmt":"2023-09-21T14:31:21","slug":"lcrcom","status":"publish","type":"page","link":"https:\/\/www.v-valley.com\/es\/vendor\/lcrcom\/","title":{"rendered":"LCRcom"},"content":{"rendered":"\r\n\r\n\t\t\t\t<img loading=\"lazy\" decoding=\"async\" src=\"https:\/\/statics.v-valley.com\/prod\/2023\/09\/logo-lcrcom.gif\" alt=\"logo-lcrcom\" itemprop=\"image\" height=\"55\" width=\"140\" title=\"logo-lcrcom\" onerror=\"this.style.display='none'\"  \/>\r\n<h2>\r\n\t\t\u00bfQUI\u00c9N ES LCRcom?\r\n\t<\/h2>\r\n\tLCRcom es un operador global de telecomunicaciones, actualmente, integrado dentro del Grupo Aire Networks.<br \/>\r\nCon m\u00e1s de 20 a\u00f1os de experiencia, en LCRcom son especialistas en soluciones convergentes (telefon\u00eda fija, m\u00f3vil y banda ancha) y Cloud (a trav\u00e9s de su marca Oasix) para empresas, con un modelo consolidado y orientado 100% a canal.\r\n<p>La compa\u00f1\u00eda dispone de una red y CPDs propios para sus soluciones Cloud, un NOC (Network Operations Center) especializado y una certificaci\u00f3n sobre las plataformas de comunicaci\u00f3n de los principales fabricantes.<\/p>\r\n<p>Asimismo, cuenta con un servicio de Atenci\u00f3n al Cliente propio y un equipo de Preventa altamente cualificado, que ofrecen constante formaci\u00f3n a sus partners por medio de cursos presenciales y webinars (t\u00e9cnicos y comerciales).<\/p>\r\n<h2>\r\n\t\tLOS PRODUCTOS DE LCRcom\r\n\t<\/h2>\r\n\tLCRcom cuenta con un amplio porfolio de productos y soluciones de comunicaciones.<br \/>\r\nDestaca la integraci\u00f3n de sus servicios de VoIP con Microsoft Teams y su sistema de comunicaci\u00f3n avanzada en la nube, MeetIP.\r\n\t<p>Comunicaciones unificadas<\/p>\r\n\t<p>Soluciones para Service Providers<\/p>\r\n\r\n","protected":false},"excerpt":{"rendered":"<p>\u00bfQUI\u00c9N ES LCRcom? LCRcom es un operador global de telecomunicaciones, actualmente, integrado dentro del Grupo Aire Networks. Con m\u00e1s de 20 a\u00f1os de experiencia, en LCRcom son especialistas en soluciones convergentes (telefon\u00eda fija, m\u00f3vil y banda ancha) y Cloud (a trav\u00e9s de su marca Oasix) para empresas, con un modelo consolidado y orientado 100% a [&hellip;]<\/p>\n","protected":false},"author":6,"featured_media":0,"parent":79554,"menu_order":0,"comment_status":"closed","ping_status":"closed","template":"templates\/template-vendor-category.php","meta":{"_acf_changed":false,"_genesis_hide_title":false,"_genesis_hide_breadcrumbs":false,"_genesis_hide_singular_image":false,"_genesis_hide_footer_widgets":false,"_genesis_custom_body_class":"","_genesis_custom_post_class":"","_genesis_layout":"","footnotes":""},"class_list":{"0":"post-252742","1":"page","2":"type-page","3":"status-publish","5":"entry"},"acf":[],"_links":{"self":[{"href":"https:\/\/www.v-valley.com\/es\/wp-json\/wp\/v2\/pages\/252742","targetHints":{"allow":["GET"]}}],"collection":[{"href":"https:\/\/www.v-valley.com\/es\/wp-json\/wp\/v2\/pages"}],"about":[{"href":"https:\/\/www.v-valley.com\/es\/wp-json\/wp\/v2\/types\/page"}],"author":[{"embeddable":true,"href":"https:\/\/www.v-valley.com\/es\/wp-json\/wp\/v2\/users\/6"}],"replies":[{"embeddable":true,"href":"https:\/\/www.v-valley.com\/es\/wp-json\/wp\/v2\/comments?post=252742"}],"version-history":[{"count":0,"href":"https:\/\/www.v-valley.com\/es\/wp-json\/wp\/v2\/pages\/252742\/revisions"}],"up":[{"embeddable":true,"href":"https:\/\/www.v-valley.com\/es\/wp-json\/wp\/v2\/pages\/79554"}],"wp:attachment":[{"href":"https:\/\/www.v-valley.com\/es\/wp-json\/wp\/v2\/media?parent=252742"}],"curies":[{"name":"wp","href":"https:\/\/api.w.org\/{rel}","templated":true}]}}