{"id":1202,"date":"2022-09-15T10:47:52","date_gmt":"2022-09-15T08:47:52","guid":{"rendered":"https:\/\/www.v-valley.com\/group\/"},"modified":"2026-03-25T09:57:28","modified_gmt":"2026-03-25T08:57:28","slug":"grupo","status":"publish","type":"page","link":"https:\/\/www.v-valley.com\/es\/grupo\/","title":{"rendered":"Grupo"},"content":{"rendered":"\n<h3>\n\t\t\tQUI\u00c9NES SOMOS\t<\/h3>\n\t<p>V-Valley aspira a convertirse en el distribuidor de referencia del mercado de Advanced Solutions, gracias a una amplia gama de tecnolog\u00edas que se ofrecen en modelos on-premise o como servicio, una organizaci\u00f3n altamente especializada y un extenso conjunto de servicios a disposici\u00f3n de los players del sector.<\/p>\n<p>Enhancing Your Business es el payoff que resume la misi\u00f3n de la compa\u00f1\u00eda y que tiene como objetivo acompa\u00f1ar a los clientes a potenciar, a\u00fan m\u00e1s, sus proyectos de transformaci\u00f3n digital dirigidos a clientes finales y Administraciones P\u00fablicas. V-Valley combina la experiencia de una multinacional, con la agilidad y el conocimiento del mercado local, para atender de manera eficiente y personalizada a sus partners.<\/p>\n<p>V-Valley es una empresa del Grupo Esprinet, distribuidor l\u00edder en el Sur de Europa y entre los diez primeros a nivel mundial, cotiza en la Bolsa de Italia con una facturaci\u00f3n de 4,3 millones de euros en 2025, 30.000 clientes activos, 850 marcas en su portfolio y m\u00e1s de 1.800 empleados.<\/p>\n\t\t\t<a href=\"https:\/\/www.v-valley.com\/es\/grupo\/la-historia\/\"  target=\"_self\">\n\t\t\t\t\t\t\t NUESTRA HISTORIA\n\t\t\t\t\t<\/a>\n            +1800\n            Colaboradores\n            130.000\n            Productos en el cat\u00e1logo\n            \u20ac4,3\n            Billones facturaci\u00f3n en el 2025\n            30.000\n            Distribuidores B2B Y B2C\n            850\n            Socios productores\n <!-- vvly circles with info container -->\n<style>\n    .vvly-circles-with-info-container .vvly-circles-items .vvly-circle-item {\n        width: calc((100% - 120px) \/5);\n    }\n<\/style>\n\t<p>EL GRUPO<\/p>\n<h3>\n\t\t\tNUESTRO COMPROMISO CON LOS CLIENTES, LAS PERSONAS Y LOS INVERSORES\t<\/h3>\n\t\t\t<a href=\"https:\/\/www.v-valley.com\/es\/por-que-v-valley\/mision-y-valores\/\"  target=\"_self\">\n\t\t\t\t\t\t\tMISI\u00d3N Y VALORES\n\t\t\t\t\t<\/a>\n<figure itemscope itemtype=\"https:\/\/schema.org\/ImageObject\">\n\t\t\t\t<img decoding=\"async\" src=\"https:\/\/statics.v-valley.com\/prod\/2022\/10\/img-cerchio-team.png\" alt=\"img-cerchio-team\" height=\"520\" width=\"558\" title=\"img-cerchio-team\" onerror=\"this.style.display='none'\" loading=\"lazy\" \/>\n\t<\/figure>\n\t<p>PERSONAS<\/p>\n<h3>\n\t\t\tFIABILIDAD Y B\u00daSQUEDA DE LA EXCELENCIA\t<\/h3>\n\t<p>Las mejores capacidades profesionales para crear valor a\u00f1adido en el mercado de la tecnolog\u00eda.<\/p>\n\t\t\t<a href=\"https:\/\/www.v-valley.com\/es\/grupo\/las-personas\/\"  target=\"_self\">\n\t\t\t\t\t\t\tNUESTRO EQUIPO\n\t\t\t\t\t<\/a>\n\t<p>EL GRUPO<\/p>\n<h3>\n\t\t\tB\u00daSQUEDA CONSTANTE DE NUEVAS OPORTUNIDADES\t<\/h3>\n\t<p>La r\u00e1pida evoluci\u00f3n del mercado tecnol\u00f3gico y la flexibilidad necesaria nos orientan en la definici\u00f3n de la estructura del Grupo con el objetivo de ayudar al cliente en el desarrollo y en la gesti\u00f3n de su negocio.<\/p>\n\t\t\t<a href=\"https:\/\/www.v-valley.com\/es\/grupo\/estructura-del-grupo\/\"  target=\"_self\">\n\t\t\t\t\t\t\tLA ESTRUCTURA DEL GRUPO\n\t\t\t\t\t<\/a>\n<figure itemscope itemtype=\"https:\/\/schema.org\/ImageObject\">\n\t\t\t\t<img decoding=\"async\" src=\"https:\/\/statics.v-valley.com\/prod\/2022\/10\/img-cerchio-struttura.png\" alt=\"img-cerchio-struttura\" height=\"520\" width=\"557\" title=\"img-cerchio-struttura\" onerror=\"this.style.display='none'\" loading=\"lazy\" \/>\n\t<\/figure>\n<h3>\n\t\t\tENTRA EN EL MUNDO ESPRINET\t<\/h3>\n            <img decoding=\"async\" src=\"https:\/\/statics.v-valley.com\/prod\/2022\/10\/img-investitori.jpg\" alt=\"Invierte en Esprinet\" name=\"Invierte en Esprinet\"\/>\n                                <h5>Invierte en Esprinet<\/h5>\n                                                <p>Creamos valor para nuestros accionistas gracias a una estrategia de crecimiento clara.<\/p>\n                <a href=\"https:\/\/www.esprinet.com\/en\/investors\/invest-in-esprinet\/\" target=\"_blank\" rel=\"noopener\">\n                    SABER M\u00c1S                <\/a>\n            <img decoding=\"async\" src=\"https:\/\/statics.v-valley.com\/prod\/2022\/10\/img-lavorare-in-esprinet.jpg\" alt=\"\u00danete a nuestro Equipo\" name=\"\u00danete a nuestro Equipo\"\/>\n                                <h5>\u00danete a nuestro Equipo<\/h5>\n                                                <p>Descubre las ofertas de empleo y \u00fanete al Grupo Esprinet.<\/p>\n                <a href=\"https:\/\/www.esprinet.com\/es\/carreras\/\" target=\"_blank\" rel=\"noopener\">\n                    TRABAJA CON NOSOTROS                <\/a>\n            <img decoding=\"async\" src=\"https:\/\/statics.v-valley.com\/prod\/2022\/10\/img-fornitore.jpg\" alt=\"Hazte proveedor\" name=\"Hazte proveedor\"\/>\n                                <h5>Hazte proveedor<\/h5>\n                                                <p>\u00danete a la red de Esprinet y descubre las oportunidades de desarrollo para tu negocio.<\/p>\n                <a href=\"https:\/\/www.esprinet.com\/es\/hazte-proveedor\/\" target=\"_blank\" rel=\"noopener\">\n                    SABER M\u00c1S                <\/a>\n             <!-- end vvly more info cards -->\n <!-- end vvly more info cards container -->\n<style>\n    .vvly-more-info-cards-container .vvly-more-info-cards .vvly-more-info-card {\n        width: calc((100% - 90px) \/3);\n    }\n<\/style>\n\n","protected":false},"excerpt":{"rendered":"<p>QUI\u00c9NES SOMOS V-Valley aspira a convertirse en el distribuidor de referencia del mercado de Advanced Solutions, gracias a una amplia gama de tecnolog\u00edas que se ofrecen en modelos on-premise o como servicio, una organizaci\u00f3n altamente especializada y un extenso conjunto de servicios a disposici\u00f3n de los players del sector. Enhancing Your Business es el payoff [&hellip;]<\/p>\n","protected":false},"author":7,"featured_media":0,"parent":0,"menu_order":0,"comment_status":"closed","ping_status":"closed","template":"templates\/template-simple.php","meta":{"_acf_changed":false,"_genesis_hide_title":false,"_genesis_hide_breadcrumbs":false,"_genesis_hide_singular_image":false,"_genesis_hide_footer_widgets":false,"_genesis_custom_body_class":"","_genesis_custom_post_class":"","_genesis_layout":"","footnotes":""},"class_list":{"0":"post-1202","1":"page","2":"type-page","3":"status-publish","5":"entry"},"acf":[],"_links":{"self":[{"href":"https:\/\/www.v-valley.com\/es\/wp-json\/wp\/v2\/pages\/1202","targetHints":{"allow":["GET"]}}],"collection":[{"href":"https:\/\/www.v-valley.com\/es\/wp-json\/wp\/v2\/pages"}],"about":[{"href":"https:\/\/www.v-valley.com\/es\/wp-json\/wp\/v2\/types\/page"}],"author":[{"embeddable":true,"href":"https:\/\/www.v-valley.com\/es\/wp-json\/wp\/v2\/users\/7"}],"replies":[{"embeddable":true,"href":"https:\/\/www.v-valley.com\/es\/wp-json\/wp\/v2\/comments?post=1202"}],"version-history":[{"count":4,"href":"https:\/\/www.v-valley.com\/es\/wp-json\/wp\/v2\/pages\/1202\/revisions"}],"predecessor-version":[{"id":625928,"href":"https:\/\/www.v-valley.com\/es\/wp-json\/wp\/v2\/pages\/1202\/revisions\/625928"}],"wp:attachment":[{"href":"https:\/\/www.v-valley.com\/es\/wp-json\/wp\/v2\/media?parent=1202"}],"curies":[{"name":"wp","href":"https:\/\/api.w.org\/{rel}","templated":true}]}}